{"id":2,"date":"2024-11-11T12:51:43","date_gmt":"2024-11-11T12:51:43","guid":{"rendered":"https:\/\/leakogarraioak.rkinformatika.online\/?page_id=2"},"modified":"2024-11-13T10:01:47","modified_gmt":"2024-11-13T10:01:47","slug":"inicio","status":"publish","type":"page","link":"https:\/\/leakogarraioak.com\/eu\/","title":{"rendered":"Hasiera"},"content":{"rendered":"\t\t<div data-elementor-type=\"wp-page\" data-elementor-id=\"2\" class=\"elementor elementor-2\" data-elementor-post-type=\"page\">\n\t\t\t\t<div class=\"elementor-element elementor-element-36a0d1f3 e-con-full e-flex e-con e-parent\" data-id=\"36a0d1f3\" data-element_type=\"container\" data-e-type=\"container\" data-settings=\"{&quot;background_background&quot;:&quot;slideshow&quot;,&quot;background_slideshow_gallery&quot;:[{&quot;id&quot;:288,&quot;url&quot;:&quot;https:\\\/\\\/leakogarraioak.com\\\/wp-content\\\/uploads\\\/2024\\\/11\\\/express020.png&quot;},{&quot;id&quot;:917,&quot;url&quot;:&quot;https:\\\/\\\/leakogarraioak.com\\\/wp-content\\\/uploads\\\/2024\\\/11\\\/trucking-nominated-.jpg&quot;},{&quot;id&quot;:919,&quot;url&quot;:&quot;https:\\\/\\\/leakogarraioak.com\\\/wp-content\\\/uploads\\\/2024\\\/11\\\/semi-trucks-for-sale.jpg&quot;}],&quot;background_slideshow_slide_duration&quot;:3000,&quot;background_slideshow_lazyload&quot;:&quot;yes&quot;,&quot;background_slideshow_ken_burns&quot;:&quot;yes&quot;,&quot;background_slideshow_loop&quot;:&quot;yes&quot;,&quot;background_slideshow_slide_transition&quot;:&quot;fade&quot;,&quot;background_slideshow_transition_duration&quot;:500,&quot;background_slideshow_ken_burns_zoom_direction&quot;:&quot;in&quot;}\">\n\t\t\t\t<\/div>\n\t\t<div class=\"elementor-element elementor-element-57a29fc4 e-con-full e-flex e-con e-parent\" data-id=\"57a29fc4\" data-element_type=\"container\" data-e-type=\"container\" data-settings=\"{&quot;background_background&quot;:&quot;classic&quot;}\">\n\t\t<div class=\"elementor-element elementor-element-12b0a6ca e-con-full e-flex elementor-invisible e-con e-child\" data-id=\"12b0a6ca\" data-element_type=\"container\" data-e-type=\"container\" data-settings=\"{&quot;animation&quot;:&quot;fadeInLeft&quot;}\">\n\t\t\t\t<div class=\"elementor-element elementor-element-60065be8 elementor-widget__width-initial elementor-widget-mobile__width-inherit elementor-widget elementor-widget-image-box\" data-id=\"60065be8\" data-element_type=\"widget\" data-e-type=\"widget\" data-widget_type=\"image-box.default\">\n\t\t\t\t<div class=\"elementor-widget-container\">\n\t\t\t\t\t<div class=\"elementor-image-box-wrapper\"><div class=\"elementor-image-box-content\"><h3 class=\"elementor-image-box-title\">Sobre leako garraioak<\/h3><p class=\"elementor-image-box-description\">En Leako Garraioak, somos una empresa de transporte y log\u00edstica con m\u00e1s de 40 a\u00f1os de experiencia en el sector. Ubicados en el coraz\u00f3n de Bizkaia, nos especializamos en ofrecer soluciones personalizadas y confiables, siempre con el objetivo de garantizar la seguridad y puntualidad de tus mercanc\u00edas.\n\n<br><br>\n\nContamos con una flota moderna y un equipo profesional comprometido en hacer que cada env\u00edo llegue a su destino de manera eficiente y sin complicaciones. Nos adaptamos a las necesidades de cada cliente, brindando un servicio de calidad que nos ha permitido ganar su confianza a lo largo de los a\u00f1os.<\/p><\/div><\/div>\t\t\t\t<\/div>\n\t\t\t\t<\/div>\n\t\t\t\t<div class=\"elementor-element elementor-element-817a5ec elementor-align-center elementor-widget__width-initial elementor-mobile-align-justify elementor-widget elementor-widget-button\" data-id=\"817a5ec\" data-element_type=\"widget\" data-e-type=\"widget\" data-widget_type=\"button.default\">\n\t\t\t\t<div class=\"elementor-widget-container\">\n\t\t\t\t\t\t\t\t\t<div class=\"elementor-button-wrapper\">\n\t\t\t\t\t<a class=\"elementor-button elementor-button-link elementor-size-sm\" href=\"https:\/\/leakogarraioak.com\/servicios\/\">\n\t\t\t\t\t\t<span class=\"elementor-button-content-wrapper\">\n\t\t\t\t\t\t\t\t\t<span class=\"elementor-button-text\">Ir a Servicios<\/span>\n\t\t\t\t\t<\/span>\n\t\t\t\t\t<\/a>\n\t\t\t\t<\/div>\n\t\t\t\t\t\t\t\t<\/div>\n\t\t\t\t<\/div>\n\t\t\t\t<\/div>\n\t\t<div class=\"elementor-element elementor-element-9f61d56 e-con-full elementor-hidden-mobile e-flex elementor-invisible e-con e-child\" data-id=\"9f61d56\" data-element_type=\"container\" data-e-type=\"container\" data-settings=\"{&quot;background_slideshow_gallery&quot;:[{&quot;id&quot;:350,&quot;url&quot;:&quot;https:\\\/\\\/leakogarraioak.com\\\/wp-content\\\/uploads\\\/2024\\\/11\\\/big-rig-semi-truck-storm-clouds-.jpg&quot;},{&quot;id&quot;:542,&quot;url&quot;:&quot;https:\\\/\\\/leakogarraioak.com\\\/wp-content\\\/uploads\\\/2024\\\/11\\\/onex03.jpg&quot;},{&quot;id&quot;:303,&quot;url&quot;:&quot;https:\\\/\\\/leakogarraioak.com\\\/wp-content\\\/uploads\\\/2024\\\/11\\\/Mask-Group-21.jpg&quot;}],&quot;background_background&quot;:&quot;slideshow&quot;,&quot;animation&quot;:&quot;fadeInRight&quot;,&quot;background_slideshow_loop&quot;:&quot;yes&quot;,&quot;background_slideshow_slide_duration&quot;:5000,&quot;background_slideshow_slide_transition&quot;:&quot;fade&quot;,&quot;background_slideshow_transition_duration&quot;:500}\">\n\t\t\t\t<\/div>\n\t\t\t\t<\/div>\n\t\t<div class=\"elementor-element elementor-element-fef2d99 e-con-full e-flex e-con e-parent\" data-id=\"fef2d99\" data-element_type=\"container\" data-e-type=\"container\" data-settings=\"{&quot;background_background&quot;:&quot;classic&quot;}\">\n\t\t<div class=\"elementor-element elementor-element-c13f061 e-con-full e-flex e-con e-child\" data-id=\"c13f061\" data-element_type=\"container\" data-e-type=\"container\">\n\t\t\t\t<div class=\"elementor-element elementor-element-3f0696e elementor-invisible elementor-widget elementor-widget-heading\" data-id=\"3f0696e\" data-element_type=\"widget\" data-e-type=\"widget\" data-settings=\"{&quot;_animation&quot;:&quot;fadeInLeft&quot;}\" data-widget_type=\"heading.default\">\n\t\t\t\t<div class=\"elementor-widget-container\">\n\t\t\t\t\t<h2 class=\"elementor-heading-title elementor-size-default\">\u00bfPor qu\u00e9 elegirnos?<\/h2>\t\t\t\t<\/div>\n\t\t\t\t<\/div>\n\t\t\t\t<div class=\"elementor-element elementor-element-7cce0cd elementor-invisible elementor-widget elementor-widget-heading\" data-id=\"7cce0cd\" data-element_type=\"widget\" data-e-type=\"widget\" data-settings=\"{&quot;_animation&quot;:&quot;fadeInRight&quot;}\" data-widget_type=\"heading.default\">\n\t\t\t\t<div class=\"elementor-widget-container\">\n\t\t\t\t\t<h2 class=\"elementor-heading-title elementor-size-default\">Tu mercanc\u00eda, en las mejores manos.<\/h2>\t\t\t\t<\/div>\n\t\t\t\t<\/div>\n\t\t\t\t<\/div>\n\t\t<div class=\"elementor-element elementor-element-dd649e5 e-con-full e-flex e-con e-child\" data-id=\"dd649e5\" data-element_type=\"container\" data-e-type=\"container\">\n\t\t<div class=\"elementor-element elementor-element-6ff879d e-con-full e-flex elementor-invisible e-con e-child\" data-id=\"6ff879d\" data-element_type=\"container\" data-e-type=\"container\" data-settings=\"{&quot;background_background&quot;:&quot;classic&quot;,&quot;animation&quot;:&quot;fadeInUp&quot;}\">\n\t\t\t\t<div class=\"elementor-element elementor-element-266d3e0 elementor-widget elementor-widget-counter\" data-id=\"266d3e0\" data-element_type=\"widget\" data-e-type=\"widget\" data-widget_type=\"counter.default\">\n\t\t\t\t<div class=\"elementor-widget-container\">\n\t\t\t\t\t\t\t<div class=\"elementor-counter\">\n\t\t\t<div class=\"elementor-counter-title\">A\u00f1os de Experencia<\/div>\t\t\t<div class=\"elementor-counter-number-wrapper\">\n\t\t\t\t<span class=\"elementor-counter-number-prefix\">+<\/span>\n\t\t\t\t<span class=\"elementor-counter-number\" data-duration=\"2000\" data-to-value=\"40\" data-from-value=\"0\" data-delimiter=\",\">0<\/span>\n\t\t\t\t<span class=\"elementor-counter-number-suffix\"><\/span>\n\t\t\t<\/div>\n\t\t<\/div>\n\t\t\t\t\t\t<\/div>\n\t\t\t\t<\/div>\n\t\t\t\t<\/div>\n\t\t<div class=\"elementor-element elementor-element-4233e32 e-con-full e-flex elementor-invisible e-con e-child\" data-id=\"4233e32\" data-element_type=\"container\" data-e-type=\"container\" data-settings=\"{&quot;background_background&quot;:&quot;classic&quot;,&quot;animation&quot;:&quot;fadeInUp&quot;,&quot;animation_delay&quot;:200}\">\n\t\t\t\t<div class=\"elementor-element elementor-element-98610f8 elementor-widget elementor-widget-counter\" data-id=\"98610f8\" data-element_type=\"widget\" data-e-type=\"widget\" data-widget_type=\"counter.default\">\n\t\t\t\t<div class=\"elementor-widget-container\">\n\t\t\t\t\t\t\t<div class=\"elementor-counter\">\n\t\t\t<div class=\"elementor-counter-title\">Soporte Individual<\/div>\t\t\t<div class=\"elementor-counter-number-wrapper\">\n\t\t\t\t<span class=\"elementor-counter-number-prefix\"><\/span>\n\t\t\t\t<span class=\"elementor-counter-number\" data-duration=\"2000\" data-to-value=\"100\" data-from-value=\"0\" data-delimiter=\",\">0<\/span>\n\t\t\t\t<span class=\"elementor-counter-number-suffix\">%<\/span>\n\t\t\t<\/div>\n\t\t<\/div>\n\t\t\t\t\t\t<\/div>\n\t\t\t\t<\/div>\n\t\t\t\t<\/div>\n\t\t<div class=\"elementor-element elementor-element-201ce7e e-con-full e-flex elementor-invisible e-con e-child\" data-id=\"201ce7e\" data-element_type=\"container\" data-e-type=\"container\" data-settings=\"{&quot;background_background&quot;:&quot;classic&quot;,&quot;animation&quot;:&quot;fadeInUp&quot;,&quot;animation_delay&quot;:400}\">\n\t\t\t\t<div class=\"elementor-element elementor-element-c78822e elementor-widget elementor-widget-counter\" data-id=\"c78822e\" data-element_type=\"widget\" data-e-type=\"widget\" data-widget_type=\"counter.default\">\n\t\t\t\t<div class=\"elementor-widget-container\">\n\t\t\t\t\t\t\t<div class=\"elementor-counter\">\n\t\t\t<div class=\"elementor-counter-title\">Atenci\u00f3n al cliente<\/div>\t\t\t<div class=\"elementor-counter-number-wrapper\">\n\t\t\t\t<span class=\"elementor-counter-number-prefix\"><\/span>\n\t\t\t\t<span class=\"elementor-counter-number\" data-duration=\"2000\" data-to-value=\"24\" data-from-value=\"\" data-delimiter=\"_\"><\/span>\n\t\t\t\t<span class=\"elementor-counter-number-suffix\"> \/ 7<\/span>\n\t\t\t<\/div>\n\t\t<\/div>\n\t\t\t\t\t\t<\/div>\n\t\t\t\t<\/div>\n\t\t\t\t<\/div>\n\t\t\t\t<\/div>\n\t\t\t\t<\/div>\n\t\t<div class=\"elementor-element elementor-element-65dbf2b e-con-full e-flex e-con e-parent\" data-id=\"65dbf2b\" data-element_type=\"container\" data-e-type=\"container\" data-settings=\"{&quot;background_background&quot;:&quot;classic&quot;}\">\n\t\t<div class=\"elementor-element elementor-element-14e1d34 e-con-full e-flex e-con e-child\" data-id=\"14e1d34\" data-element_type=\"container\" data-e-type=\"container\">\n\t\t\t\t<div class=\"elementor-element elementor-element-1dfb40d elementor-invisible elementor-widget elementor-widget-heading\" data-id=\"1dfb40d\" data-element_type=\"widget\" data-e-type=\"widget\" data-settings=\"{&quot;_animation&quot;:&quot;fadeInLeft&quot;}\" data-widget_type=\"heading.default\">\n\t\t\t\t<div class=\"elementor-widget-container\">\n\t\t\t\t\t<h2 class=\"elementor-heading-title elementor-size-default\">Valores  Leako Garraiak\n\n<\/h2>\t\t\t\t<\/div>\n\t\t\t\t<\/div>\n\t\t\t\t<div class=\"elementor-element elementor-element-910f133 elementor-invisible elementor-widget elementor-widget-heading\" data-id=\"910f133\" data-element_type=\"widget\" data-e-type=\"widget\" data-settings=\"{&quot;_animation&quot;:&quot;fadeInRight&quot;}\" data-widget_type=\"heading.default\">\n\t\t\t\t<div class=\"elementor-widget-container\">\n\t\t\t\t\t<h2 class=\"elementor-heading-title elementor-size-default\">Soluciones de Transporte Seguro y Puntual.<\/h2>\t\t\t\t<\/div>\n\t\t\t\t<\/div>\n\t\t\t\t<\/div>\n\t\t<div class=\"elementor-element elementor-element-52e687b e-con-full e-flex e-con e-child\" data-id=\"52e687b\" data-element_type=\"container\" data-e-type=\"container\">\n\t\t<div class=\"elementor-element elementor-element-a5c7488 e-con-full e-flex elementor-invisible e-con e-child\" data-id=\"a5c7488\" data-element_type=\"container\" data-e-type=\"container\" data-settings=\"{&quot;background_background&quot;:&quot;classic&quot;,&quot;animation&quot;:&quot;fadeInUp&quot;}\">\n\t\t\t\t<div class=\"elementor-element elementor-element-4982cc7 elementor-view-default elementor-position-block-start elementor-mobile-position-block-start elementor-widget elementor-widget-icon-box\" data-id=\"4982cc7\" data-element_type=\"widget\" data-e-type=\"widget\" data-widget_type=\"icon-box.default\">\n\t\t\t\t<div class=\"elementor-widget-container\">\n\t\t\t\t\t\t\t<div class=\"elementor-icon-box-wrapper\">\n\n\t\t\t\t\t\t<div class=\"elementor-icon-box-icon\">\n\t\t\t\t<span  class=\"elementor-icon\">\n\t\t\t\t<svg aria-hidden=\"true\" class=\"e-font-icon-svg e-fas-handshake\" viewBox=\"0 0 640 512\" xmlns=\"http:\/\/www.w3.org\/2000\/svg\"><path d=\"M434.7 64h-85.9c-8 0-15.7 3-21.6 8.4l-98.3 90c-.1.1-.2.3-.3.4-16.6 15.6-16.3 40.5-2.1 56 12.7 13.9 39.4 17.6 56.1 2.7.1-.1.3-.1.4-.2l79.9-73.2c6.5-5.9 16.7-5.5 22.6 1 6 6.5 5.5 16.6-1 22.6l-26.1 23.9L504 313.8c2.9 2.4 5.5 5 7.9 7.7V128l-54.6-54.6c-5.9-6-14.1-9.4-22.6-9.4zM544 128.2v223.9c0 17.7 14.3 32 32 32h64V128.2h-96zm48 223.9c-8.8 0-16-7.2-16-16s7.2-16 16-16 16 7.2 16 16-7.2 16-16 16zM0 384h64c17.7 0 32-14.3 32-32V128.2H0V384zm48-63.9c8.8 0 16 7.2 16 16s-7.2 16-16 16-16-7.2-16-16c0-8.9 7.2-16 16-16zm435.9 18.6L334.6 217.5l-30 27.5c-29.7 27.1-75.2 24.5-101.7-4.4-26.9-29.4-24.8-74.9 4.4-101.7L289.1 64h-83.8c-8.5 0-16.6 3.4-22.6 9.4L128 128v223.9h18.3l90.5 81.9c27.4 22.3 67.7 18.1 90-9.3l.2-.2 17.9 15.5c15.9 13 39.4 10.5 52.3-5.4l31.4-38.6 5.4 4.4c13.7 11.1 33.9 9.1 45-4.7l9.5-11.7c11.2-13.8 9.1-33.9-4.6-45.1z\"><\/path><\/svg>\t\t\t\t<\/span>\n\t\t\t<\/div>\n\t\t\t\n\t\t\t\t\t\t<div class=\"elementor-icon-box-content\">\n\n\t\t\t\t\t\t\t\t\t<h3 class=\"elementor-icon-box-title\">\n\t\t\t\t\t\t<span  >\n\t\t\t\t\t\t\tProfesionalidad y Compromiso\t\t\t\t\t\t<\/span>\n\t\t\t\t\t<\/h3>\n\t\t\t\t\n\t\t\t\t\t\t\t\t\t<p class=\"elementor-icon-box-description\">\n\t\t\t\t\t\tContamos con un equipo altamente cualificado, experimentado y comprometido con la excelencia, brindando un servicio profesional y de calidad en cada fase del proceso.\n\t\t\t\t\t<\/p>\n\t\t\t\t\n\t\t\t<\/div>\n\t\t\t\n\t\t<\/div>\n\t\t\t\t\t\t<\/div>\n\t\t\t\t<\/div>\n\t\t\t\t<\/div>\n\t\t<div class=\"elementor-element elementor-element-02b51ab e-con-full e-flex elementor-invisible e-con e-child\" data-id=\"02b51ab\" data-element_type=\"container\" data-e-type=\"container\" data-settings=\"{&quot;background_background&quot;:&quot;classic&quot;,&quot;animation&quot;:&quot;fadeInUp&quot;,&quot;animation_delay&quot;:200}\">\n\t\t\t\t<div class=\"elementor-element elementor-element-427bf61 elementor-view-default elementor-position-block-start elementor-mobile-position-block-start elementor-widget elementor-widget-icon-box\" data-id=\"427bf61\" data-element_type=\"widget\" data-e-type=\"widget\" data-widget_type=\"icon-box.default\">\n\t\t\t\t<div class=\"elementor-widget-container\">\n\t\t\t\t\t\t\t<div class=\"elementor-icon-box-wrapper\">\n\n\t\t\t\t\t\t<div class=\"elementor-icon-box-icon\">\n\t\t\t\t<span  class=\"elementor-icon\">\n\t\t\t\t<svg aria-hidden=\"true\" class=\"e-font-icon-svg e-fas-truck\" viewBox=\"0 0 640 512\" xmlns=\"http:\/\/www.w3.org\/2000\/svg\"><path d=\"M624 352h-16V243.9c0-12.7-5.1-24.9-14.1-33.9L494 110.1c-9-9-21.2-14.1-33.9-14.1H416V48c0-26.5-21.5-48-48-48H48C21.5 0 0 21.5 0 48v320c0 26.5 21.5 48 48 48h16c0 53 43 96 96 96s96-43 96-96h128c0 53 43 96 96 96s96-43 96-96h48c8.8 0 16-7.2 16-16v-32c0-8.8-7.2-16-16-16zM160 464c-26.5 0-48-21.5-48-48s21.5-48 48-48 48 21.5 48 48-21.5 48-48 48zm320 0c-26.5 0-48-21.5-48-48s21.5-48 48-48 48 21.5 48 48-21.5 48-48 48zm80-208H416V144h44.1l99.9 99.9V256z\"><\/path><\/svg>\t\t\t\t<\/span>\n\t\t\t<\/div>\n\t\t\t\n\t\t\t\t\t\t<div class=\"elementor-icon-box-content\">\n\n\t\t\t\t\t\t\t\t\t<h3 class=\"elementor-icon-box-title\">\n\t\t\t\t\t\t<span  >\n\t\t\t\t\t\t\tDisponibilidad y Flexibilidad\t\t\t\t\t\t<\/span>\n\t\t\t\t\t<\/h3>\n\t\t\t\t\n\t\t\t\t\t\t\t\t\t<p class=\"elementor-icon-box-description\">\n\t\t\t\t\t\tEstamos a tu disposici\u00f3n en todo momento, garantizando una comunicaci\u00f3n constante y un seguimiento cercano para asegurar la satisfacci\u00f3n  de nuestros clientes.\t\t\t\t\t<\/p>\n\t\t\t\t\n\t\t\t<\/div>\n\t\t\t\n\t\t<\/div>\n\t\t\t\t\t\t<\/div>\n\t\t\t\t<\/div>\n\t\t\t\t<\/div>\n\t\t<div class=\"elementor-element elementor-element-f4468e2 e-con-full e-flex elementor-invisible e-con e-child\" data-id=\"f4468e2\" data-element_type=\"container\" data-e-type=\"container\" data-settings=\"{&quot;background_background&quot;:&quot;classic&quot;,&quot;animation&quot;:&quot;fadeInUp&quot;,&quot;animation_delay&quot;:400}\">\n\t\t\t\t<div class=\"elementor-element elementor-element-c115ba7 elementor-view-default elementor-position-block-start elementor-mobile-position-block-start elementor-widget elementor-widget-icon-box\" data-id=\"c115ba7\" data-element_type=\"widget\" data-e-type=\"widget\" data-widget_type=\"icon-box.default\">\n\t\t\t\t<div class=\"elementor-widget-container\">\n\t\t\t\t\t\t\t<div class=\"elementor-icon-box-wrapper\">\n\n\t\t\t\t\t\t<div class=\"elementor-icon-box-icon\">\n\t\t\t\t<span  class=\"elementor-icon\">\n\t\t\t\t<svg aria-hidden=\"true\" class=\"e-font-icon-svg e-fas-user-clock\" viewBox=\"0 0 640 512\" xmlns=\"http:\/\/www.w3.org\/2000\/svg\"><path d=\"M496 224c-79.6 0-144 64.4-144 144s64.4 144 144 144 144-64.4 144-144-64.4-144-144-144zm64 150.3c0 5.3-4.4 9.7-9.7 9.7h-60.6c-5.3 0-9.7-4.4-9.7-9.7v-76.6c0-5.3 4.4-9.7 9.7-9.7h12.6c5.3 0 9.7 4.4 9.7 9.7V352h38.3c5.3 0 9.7 4.4 9.7 9.7v12.6zM320 368c0-27.8 6.7-54.1 18.2-77.5-8-1.5-16.2-2.5-24.6-2.5h-16.7c-22.2 10.2-46.9 16-72.9 16s-50.6-5.8-72.9-16h-16.7C60.2 288 0 348.2 0 422.4V464c0 26.5 21.5 48 48 48h347.1c-45.3-31.9-75.1-84.5-75.1-144zm-96-112c70.7 0 128-57.3 128-128S294.7 0 224 0 96 57.3 96 128s57.3 128 128 128z\"><\/path><\/svg>\t\t\t\t<\/span>\n\t\t\t<\/div>\n\t\t\t\n\t\t\t\t\t\t<div class=\"elementor-icon-box-content\">\n\n\t\t\t\t\t\t\t\t\t<h3 class=\"elementor-icon-box-title\">\n\t\t\t\t\t\t<span  >\n\t\t\t\t\t\t\tPuntualidad y Seguridad\t\t\t\t\t\t<\/span>\n\t\t\t\t\t<\/h3>\n\t\t\t\t\n\t\t\t\t\t\t\t\t\t<p class=\"elementor-icon-box-description\">\n\t\t\t\t\t\tAplicamos rigurosas medidas de seguridad en el transporte y almacenamiento, asegurando que tus mercanc\u00edas lleguen a su destino de forma segura y a tiempo.\t\t\t\t\t<\/p>\n\t\t\t\t\n\t\t\t<\/div>\n\t\t\t\n\t\t<\/div>\n\t\t\t\t\t\t<\/div>\n\t\t\t\t<\/div>\n\t\t\t\t<\/div>\n\t\t\t\t<\/div>\n\t\t\t\t<\/div>\n\t\t\t\t<\/div>\n\t\t","protected":false},"excerpt":{"rendered":"<p>Sobre leako garraioak En Leako Garraioak, somos una empresa de transporte y log\u00edstica con m\u00e1s de 40 a\u00f1os de experiencia en el sector. Ubicados en el coraz\u00f3n de Bizkaia, nos especializamos en ofrecer soluciones personalizadas y confiables, siempre con el objetivo de garantizar la seguridad y puntualidad de tus mercanc\u00edas. Contamos con una flota moderna [&hellip;]<\/p>\n","protected":false},"author":1,"featured_media":0,"parent":0,"menu_order":0,"comment_status":"closed","ping_status":"closed","template":"elementor_canvas","meta":{"footnotes":""},"class_list":["post-2","page","type-page","status-publish","hentry"],"yoast_head":"<!-- This site is optimized with the Yoast SEO plugin v27.3 - https:\/\/yoast.com\/product\/yoast-seo-wordpress\/ -->\n<title>Inicio - LEAKO GARRAIOAK SL<\/title>\n<meta name=\"robots\" content=\"index, follow, max-snippet:-1, max-image-preview:large, max-video-preview:-1\" \/>\n<link rel=\"canonical\" href=\"https:\/\/leakogarraioak.com\/eu\/\" \/>\n<meta property=\"og:locale\" content=\"en_US\" \/>\n<meta property=\"og:type\" content=\"article\" \/>\n<meta property=\"og:title\" content=\"Inicio - LEAKO GARRAIOAK SL\" \/>\n<meta property=\"og:description\" content=\"Sobre leako garraioak En Leako Garraioak, somos una empresa de transporte y log\u00edstica con m\u00e1s de 40 a\u00f1os de experiencia en el sector. Ubicados en el coraz\u00f3n de Bizkaia, nos especializamos en ofrecer soluciones personalizadas y confiables, siempre con el objetivo de garantizar la seguridad y puntualidad de tus mercanc\u00edas. Contamos con una flota moderna [&hellip;]\" \/>\n<meta property=\"og:url\" content=\"https:\/\/leakogarraioak.com\/eu\/\" \/>\n<meta property=\"og:site_name\" content=\"LEAKO GARRAIOAK SL\" \/>\n<meta property=\"article:modified_time\" content=\"2024-11-13T10:01:47+00:00\" \/>\n<meta name=\"twitter:card\" content=\"summary_large_image\" \/>\n<meta name=\"twitter:label1\" content=\"Est. reading time\" \/>\n\t<meta name=\"twitter:data1\" content=\"1 minutua\" \/>\n<script type=\"application\/ld+json\" class=\"yoast-schema-graph\">{\"@context\":\"https:\\\/\\\/schema.org\",\"@graph\":[{\"@type\":\"WebPage\",\"@id\":\"https:\\\/\\\/leakogarraioak.com\\\/\",\"url\":\"https:\\\/\\\/leakogarraioak.com\\\/\",\"name\":\"Inicio - LEAKO GARRAIOAK SL\",\"isPartOf\":{\"@id\":\"https:\\\/\\\/leakogarraioak.com\\\/#website\"},\"datePublished\":\"2024-11-11T12:51:43+00:00\",\"dateModified\":\"2024-11-13T10:01:47+00:00\",\"breadcrumb\":{\"@id\":\"https:\\\/\\\/leakogarraioak.com\\\/#breadcrumb\"},\"inLanguage\":\"eu\",\"potentialAction\":[{\"@type\":\"ReadAction\",\"target\":[\"https:\\\/\\\/leakogarraioak.com\\\/\"]}]},{\"@type\":\"BreadcrumbList\",\"@id\":\"https:\\\/\\\/leakogarraioak.com\\\/#breadcrumb\",\"itemListElement\":[{\"@type\":\"ListItem\",\"position\":1,\"name\":\"Portada\",\"item\":\"https:\\\/\\\/leakogarraioak.com\\\/\"},{\"@type\":\"ListItem\",\"position\":2,\"name\":\"Inicio\"}]},{\"@type\":\"WebSite\",\"@id\":\"https:\\\/\\\/leakogarraioak.com\\\/#website\",\"url\":\"https:\\\/\\\/leakogarraioak.com\\\/\",\"name\":\"LEAKO GARRAIOAK SL\",\"description\":\"\",\"publisher\":{\"@id\":\"https:\\\/\\\/leakogarraioak.com\\\/#organization\"},\"potentialAction\":[{\"@type\":\"SearchAction\",\"target\":{\"@type\":\"EntryPoint\",\"urlTemplate\":\"https:\\\/\\\/leakogarraioak.com\\\/?s={search_term_string}\"},\"query-input\":{\"@type\":\"PropertyValueSpecification\",\"valueRequired\":true,\"valueName\":\"search_term_string\"}}],\"inLanguage\":\"eu\"},{\"@type\":\"Organization\",\"@id\":\"https:\\\/\\\/leakogarraioak.com\\\/#organization\",\"name\":\"LEAKO GARRAIOAK SL\",\"url\":\"https:\\\/\\\/leakogarraioak.com\\\/\",\"logo\":{\"@type\":\"ImageObject\",\"inLanguage\":\"eu\",\"@id\":\"https:\\\/\\\/leakogarraioak.com\\\/#\\\/schema\\\/logo\\\/image\\\/\",\"url\":\"https:\\\/\\\/leakogarraioak.com\\\/wp-content\\\/uploads\\\/2024\\\/11\\\/cropped-Logo-para-estudio-de-tatuaje-minimalista-circular-en-tonos-gris-y-blanco.png\",\"contentUrl\":\"https:\\\/\\\/leakogarraioak.com\\\/wp-content\\\/uploads\\\/2024\\\/11\\\/cropped-Logo-para-estudio-de-tatuaje-minimalista-circular-en-tonos-gris-y-blanco.png\",\"width\":512,\"height\":180,\"caption\":\"LEAKO GARRAIOAK SL\"},\"image\":{\"@id\":\"https:\\\/\\\/leakogarraioak.com\\\/#\\\/schema\\\/logo\\\/image\\\/\"}}]}<\/script>\n<!-- \/ Yoast SEO plugin. -->","yoast_head_json":{"title":"Inicio - LEAKO GARRAIOAK SL","robots":{"index":"index","follow":"follow","max-snippet":"max-snippet:-1","max-image-preview":"max-image-preview:large","max-video-preview":"max-video-preview:-1"},"canonical":"https:\/\/leakogarraioak.com\/eu\/","og_locale":"en_US","og_type":"article","og_title":"Inicio - LEAKO GARRAIOAK SL","og_description":"Sobre leako garraioak En Leako Garraioak, somos una empresa de transporte y log\u00edstica con m\u00e1s de 40 a\u00f1os de experiencia en el sector. Ubicados en el coraz\u00f3n de Bizkaia, nos especializamos en ofrecer soluciones personalizadas y confiables, siempre con el objetivo de garantizar la seguridad y puntualidad de tus mercanc\u00edas. Contamos con una flota moderna [&hellip;]","og_url":"https:\/\/leakogarraioak.com\/eu\/","og_site_name":"LEAKO GARRAIOAK SL","article_modified_time":"2024-11-13T10:01:47+00:00","twitter_card":"summary_large_image","twitter_misc":{"Est. reading time":"1 minutua"},"schema":{"@context":"https:\/\/schema.org","@graph":[{"@type":"WebPage","@id":"https:\/\/leakogarraioak.com\/","url":"https:\/\/leakogarraioak.com\/","name":"Inicio - LEAKO GARRAIOAK SL","isPartOf":{"@id":"https:\/\/leakogarraioak.com\/#website"},"datePublished":"2024-11-11T12:51:43+00:00","dateModified":"2024-11-13T10:01:47+00:00","breadcrumb":{"@id":"https:\/\/leakogarraioak.com\/#breadcrumb"},"inLanguage":"eu","potentialAction":[{"@type":"ReadAction","target":["https:\/\/leakogarraioak.com\/"]}]},{"@type":"BreadcrumbList","@id":"https:\/\/leakogarraioak.com\/#breadcrumb","itemListElement":[{"@type":"ListItem","position":1,"name":"Portada","item":"https:\/\/leakogarraioak.com\/"},{"@type":"ListItem","position":2,"name":"Inicio"}]},{"@type":"WebSite","@id":"https:\/\/leakogarraioak.com\/#website","url":"https:\/\/leakogarraioak.com\/","name":"LEAKO GARRAIOAK SL","description":"","publisher":{"@id":"https:\/\/leakogarraioak.com\/#organization"},"potentialAction":[{"@type":"SearchAction","target":{"@type":"EntryPoint","urlTemplate":"https:\/\/leakogarraioak.com\/?s={search_term_string}"},"query-input":{"@type":"PropertyValueSpecification","valueRequired":true,"valueName":"search_term_string"}}],"inLanguage":"eu"},{"@type":"Organization","@id":"https:\/\/leakogarraioak.com\/#organization","name":"LEAKO GARRAIOAK SL","url":"https:\/\/leakogarraioak.com\/","logo":{"@type":"ImageObject","inLanguage":"eu","@id":"https:\/\/leakogarraioak.com\/#\/schema\/logo\/image\/","url":"https:\/\/leakogarraioak.com\/wp-content\/uploads\/2024\/11\/cropped-Logo-para-estudio-de-tatuaje-minimalista-circular-en-tonos-gris-y-blanco.png","contentUrl":"https:\/\/leakogarraioak.com\/wp-content\/uploads\/2024\/11\/cropped-Logo-para-estudio-de-tatuaje-minimalista-circular-en-tonos-gris-y-blanco.png","width":512,"height":180,"caption":"LEAKO GARRAIOAK SL"},"image":{"@id":"https:\/\/leakogarraioak.com\/#\/schema\/logo\/image\/"}}]}},"_links":{"self":[{"href":"https:\/\/leakogarraioak.com\/eu\/wp-json\/wp\/v2\/pages\/2","targetHints":{"allow":["GET"]}}],"collection":[{"href":"https:\/\/leakogarraioak.com\/eu\/wp-json\/wp\/v2\/pages"}],"about":[{"href":"https:\/\/leakogarraioak.com\/eu\/wp-json\/wp\/v2\/types\/page"}],"author":[{"embeddable":true,"href":"https:\/\/leakogarraioak.com\/eu\/wp-json\/wp\/v2\/users\/1"}],"replies":[{"embeddable":true,"href":"https:\/\/leakogarraioak.com\/eu\/wp-json\/wp\/v2\/comments?post=2"}],"version-history":[{"count":343,"href":"https:\/\/leakogarraioak.com\/eu\/wp-json\/wp\/v2\/pages\/2\/revisions"}],"predecessor-version":[{"id":925,"href":"https:\/\/leakogarraioak.com\/eu\/wp-json\/wp\/v2\/pages\/2\/revisions\/925"}],"wp:attachment":[{"href":"https:\/\/leakogarraioak.com\/eu\/wp-json\/wp\/v2\/media?parent=2"}],"curies":[{"name":"wp","href":"https:\/\/api.w.org\/{rel}","templated":true}]}}